{"id":204,"date":"2023-08-05T17:47:54","date_gmt":"2023-08-05T15:47:54","guid":{"rendered":"http:\/\/fleursdorelle.fr\/?page_id=204"},"modified":"2024-10-27T15:49:20","modified_gmt":"2024-10-27T14:49:20","slug":"acces","status":"publish","type":"page","link":"https:\/\/fleursdorelle.fr\/index.php\/acces\/","title":{"rendered":"Acc\u00e8s"},"content":{"rendered":"\t\t<div data-elementor-type=\"wp-page\" data-elementor-id=\"204\" class=\"elementor elementor-204\">\n\t\t\t\t\t\t<section class=\"elementor-section elementor-top-section elementor-element elementor-element-aca98b1 elementor-section-boxed elementor-section-height-default elementor-section-height-default\" data-id=\"aca98b1\" data-element_type=\"section\" data-e-type=\"section\">\n\t\t\t\t\t\t<div class=\"elementor-container elementor-column-gap-default\">\n\t\t\t\t\t<div class=\"elementor-column elementor-col-100 elementor-top-column elementor-element elementor-element-72ce3cf\" data-id=\"72ce3cf\" data-element_type=\"column\" data-e-type=\"column\">\n\t\t\t<div class=\"elementor-widget-wrap elementor-element-populated\">\n\t\t\t\t\t\t<div class=\"elementor-element elementor-element-4964205 elementor-widget elementor-widget-text-editor\" data-id=\"4964205\" data-element_type=\"widget\" data-e-type=\"widget\" data-widget_type=\"text-editor.default\">\n\t\t\t\t<div class=\"elementor-widget-container\">\n\t\t\t\t\t\t\t\t\t<p>Acc\u00e9der \u00e0 Orelle en voiture est tr\u00e8s facile: pas de mont\u00e9e en station n\u00e9cessaire puisque le hameau ne se situe qu&rsquo;\u00e0 850m d&rsquo;altitude.<\/p><p>Autoroute A43 en direction Turin sortie Saint-Michel de Maurienne. Il vous reste ensuite 8km de d\u00e9partementale \u00e0 parcourir.<\/p><p>Arriv\u00e9s \u00e0 Orelle, passez devant l&rsquo;office du tourisme, l&rsquo;immeuble se situe \u00e0 350m sur cette m\u00eame route.<\/p><div id=\"ConnectiveDocSignExtentionInstalled\" data-extension-version=\"1.0.4\">\u00a0<\/div>\t\t\t\t\t\t\t\t<\/div>\n\t\t\t\t<\/div>\n\t\t\t\t<div class=\"elementor-element elementor-element-57ced59 elementor-widget elementor-widget-heading\" data-id=\"57ced59\" data-element_type=\"widget\" data-e-type=\"widget\" data-widget_type=\"heading.default\">\n\t\t\t\t<div class=\"elementor-widget-container\">\n\t\t\t\t\t<h2 class=\"elementor-heading-title elementor-size-default\">Parking<\/h2>\t\t\t\t<\/div>\n\t\t\t\t<\/div>\n\t\t\t\t<div class=\"elementor-element elementor-element-f00900c elementor-widget elementor-widget-text-editor\" data-id=\"f00900c\" data-element_type=\"widget\" data-e-type=\"widget\" data-widget_type=\"text-editor.default\">\n\t\t\t\t<div class=\"elementor-widget-container\">\n\t\t\t\t\t\t\t\t\t<p>L&rsquo;immeuble est accessible en voiture via une servitude de l&rsquo;immeuble adjacent. (cf fl\u00e8che verte sur la carte ci-dessous) Vous pouvez vous y garer le temps du chargement et d\u00e9chargement.<\/p>\n<p>Un parking gratuit est disponible le long de la route. Le parking de la t\u00e9l\u00e9cabine est \u00e9galement gratuit.<\/p>\n\n<p><\/p>\t\t\t\t\t\t\t\t<\/div>\n\t\t\t\t<\/div>\n\t\t\t\t<div class=\"elementor-element elementor-element-800f115 elementor-widget elementor-widget-image\" data-id=\"800f115\" data-element_type=\"widget\" data-e-type=\"widget\" data-widget_type=\"image.default\">\n\t\t\t\t<div class=\"elementor-widget-container\">\n\t\t\t\t\t\t\t\t\t\t\t\t\t\t\t<img fetchpriority=\"high\" decoding=\"async\" width=\"1920\" height=\"743\" src=\"https:\/\/fleursdorelle.fr\/wp-content\/uploads\/2024\/01\/carte-parking.webp\" class=\"attachment-full size-full wp-image-286\" alt=\"\" srcset=\"https:\/\/fleursdorelle.fr\/wp-content\/uploads\/2024\/01\/carte-parking.webp 1920w, https:\/\/fleursdorelle.fr\/wp-content\/uploads\/2024\/01\/carte-parking-300x116.webp 300w, https:\/\/fleursdorelle.fr\/wp-content\/uploads\/2024\/01\/carte-parking-1024x396.webp 1024w, https:\/\/fleursdorelle.fr\/wp-content\/uploads\/2024\/01\/carte-parking-768x297.webp 768w, https:\/\/fleursdorelle.fr\/wp-content\/uploads\/2024\/01\/carte-parking-1536x594.webp 1536w\" sizes=\"(max-width: 1920px) 100vw, 1920px\" \/>\t\t\t\t\t\t\t\t\t\t\t\t\t\t\t<\/div>\n\t\t\t\t<\/div>\n\t\t\t\t\t<\/div>\n\t\t<\/div>\n\t\t\t\t\t<\/div>\n\t\t<\/section>\n\t\t\t\t<\/div>\n\t\t","protected":false},"excerpt":{"rendered":"<p>Acc\u00e9der \u00e0 Orelle en voiture est tr\u00e8s facile: pas de mont\u00e9e en station n\u00e9cessaire puisque le hameau ne se situe qu&rsquo;\u00e0 850m d&rsquo;altitude. Autoroute A43 en direction Turin sortie Saint-Michel de Maurienne. Il vous reste ensuite 8km de d\u00e9partementale \u00e0 parcourir. Arriv\u00e9s \u00e0 Orelle, passez devant l&rsquo;office du tourisme, l&rsquo;immeuble se situe \u00e0 350m sur [&hellip;]<\/p>\n","protected":false},"author":1,"featured_media":0,"parent":0,"menu_order":0,"comment_status":"closed","ping_status":"closed","template":"","meta":{"footnotes":""},"class_list":["post-204","page","type-page","status-publish","hentry"],"yoast_head":"<!-- This site is optimized with the Yoast SEO plugin v26.7 - https:\/\/yoast.com\/wordpress\/plugins\/seo\/ -->\n<title>Acc\u00e8s - Les fleurs d&#039;Orelle<\/title>\n<meta name=\"robots\" content=\"index, follow, max-snippet:-1, max-image-preview:large, max-video-preview:-1\" \/>\n<link rel=\"canonical\" href=\"https:\/\/fleursdorelle.fr\/index.php\/acces\/\" \/>\n<meta property=\"og:locale\" content=\"fr_FR\" \/>\n<meta property=\"og:type\" content=\"article\" \/>\n<meta property=\"og:title\" content=\"Acc\u00e8s - Les fleurs d&#039;Orelle\" \/>\n<meta property=\"og:description\" content=\"Acc\u00e9der \u00e0 Orelle en voiture est tr\u00e8s facile: pas de mont\u00e9e en station n\u00e9cessaire puisque le hameau ne se situe qu&rsquo;\u00e0 850m d&rsquo;altitude. Autoroute A43 en direction Turin sortie Saint-Michel de Maurienne. Il vous reste ensuite 8km de d\u00e9partementale \u00e0 parcourir. Arriv\u00e9s \u00e0 Orelle, passez devant l&rsquo;office du tourisme, l&rsquo;immeuble se situe \u00e0 350m sur [&hellip;]\" \/>\n<meta property=\"og:url\" content=\"https:\/\/fleursdorelle.fr\/index.php\/acces\/\" \/>\n<meta property=\"og:site_name\" content=\"Les fleurs d&#039;Orelle\" \/>\n<meta property=\"article:modified_time\" content=\"2024-10-27T14:49:20+00:00\" \/>\n<meta property=\"og:image\" content=\"http:\/\/fleursdorelle.fr\/wp-content\/uploads\/2024\/01\/carte-parking.webp\" \/>\n<meta name=\"twitter:card\" content=\"summary_large_image\" \/>\n<meta name=\"twitter:label1\" content=\"Dur\u00e9e de lecture estim\u00e9e\" \/>\n\t<meta name=\"twitter:data1\" content=\"1 minute\" \/>\n<script type=\"application\/ld+json\" class=\"yoast-schema-graph\">{\"@context\":\"https:\/\/schema.org\",\"@graph\":[{\"@type\":\"WebPage\",\"@id\":\"https:\/\/fleursdorelle.fr\/index.php\/acces\/\",\"url\":\"https:\/\/fleursdorelle.fr\/index.php\/acces\/\",\"name\":\"Acc\u00e8s - Les fleurs d&#039;Orelle\",\"isPartOf\":{\"@id\":\"https:\/\/fleursdorelle.fr\/#website\"},\"primaryImageOfPage\":{\"@id\":\"https:\/\/fleursdorelle.fr\/index.php\/acces\/#primaryimage\"},\"image\":{\"@id\":\"https:\/\/fleursdorelle.fr\/index.php\/acces\/#primaryimage\"},\"thumbnailUrl\":\"http:\/\/fleursdorelle.fr\/wp-content\/uploads\/2024\/01\/carte-parking.webp\",\"datePublished\":\"2023-08-05T15:47:54+00:00\",\"dateModified\":\"2024-10-27T14:49:20+00:00\",\"breadcrumb\":{\"@id\":\"https:\/\/fleursdorelle.fr\/index.php\/acces\/#breadcrumb\"},\"inLanguage\":\"fr-FR\",\"potentialAction\":[{\"@type\":\"ReadAction\",\"target\":[\"https:\/\/fleursdorelle.fr\/index.php\/acces\/\"]}]},{\"@type\":\"ImageObject\",\"inLanguage\":\"fr-FR\",\"@id\":\"https:\/\/fleursdorelle.fr\/index.php\/acces\/#primaryimage\",\"url\":\"https:\/\/fleursdorelle.fr\/wp-content\/uploads\/2024\/01\/carte-parking.webp\",\"contentUrl\":\"https:\/\/fleursdorelle.fr\/wp-content\/uploads\/2024\/01\/carte-parking.webp\",\"width\":1920,\"height\":743},{\"@type\":\"BreadcrumbList\",\"@id\":\"https:\/\/fleursdorelle.fr\/index.php\/acces\/#breadcrumb\",\"itemListElement\":[{\"@type\":\"ListItem\",\"position\":1,\"name\":\"Accueil\",\"item\":\"https:\/\/fleursdorelle.fr\/\"},{\"@type\":\"ListItem\",\"position\":2,\"name\":\"Acc\u00e8s\"}]},{\"@type\":\"WebSite\",\"@id\":\"https:\/\/fleursdorelle.fr\/#website\",\"url\":\"https:\/\/fleursdorelle.fr\/\",\"name\":\"Les fleurs d'Orelle\",\"description\":\"\",\"publisher\":{\"@id\":\"https:\/\/fleursdorelle.fr\/#organization\"},\"potentialAction\":[{\"@type\":\"SearchAction\",\"target\":{\"@type\":\"EntryPoint\",\"urlTemplate\":\"https:\/\/fleursdorelle.fr\/?s={search_term_string}\"},\"query-input\":{\"@type\":\"PropertyValueSpecification\",\"valueRequired\":true,\"valueName\":\"search_term_string\"}}],\"inLanguage\":\"fr-FR\"},{\"@type\":\"Organization\",\"@id\":\"https:\/\/fleursdorelle.fr\/#organization\",\"name\":\"Les fleurs d'Orelle\",\"url\":\"https:\/\/fleursdorelle.fr\/\",\"logo\":{\"@type\":\"ImageObject\",\"inLanguage\":\"fr-FR\",\"@id\":\"https:\/\/fleursdorelle.fr\/#\/schema\/logo\/image\/\",\"url\":\"https:\/\/fleursdorelle.fr\/wp-content\/uploads\/2023\/08\/fleursdorelle-logo.webp\",\"contentUrl\":\"https:\/\/fleursdorelle.fr\/wp-content\/uploads\/2023\/08\/fleursdorelle-logo.webp\",\"width\":300,\"height\":300,\"caption\":\"Les fleurs d'Orelle\"},\"image\":{\"@id\":\"https:\/\/fleursdorelle.fr\/#\/schema\/logo\/image\/\"}}]}<\/script>\n<!-- \/ Yoast SEO plugin. -->","yoast_head_json":{"title":"Acc\u00e8s - Les fleurs d&#039;Orelle","robots":{"index":"index","follow":"follow","max-snippet":"max-snippet:-1","max-image-preview":"max-image-preview:large","max-video-preview":"max-video-preview:-1"},"canonical":"https:\/\/fleursdorelle.fr\/index.php\/acces\/","og_locale":"fr_FR","og_type":"article","og_title":"Acc\u00e8s - Les fleurs d&#039;Orelle","og_description":"Acc\u00e9der \u00e0 Orelle en voiture est tr\u00e8s facile: pas de mont\u00e9e en station n\u00e9cessaire puisque le hameau ne se situe qu&rsquo;\u00e0 850m d&rsquo;altitude. Autoroute A43 en direction Turin sortie Saint-Michel de Maurienne. Il vous reste ensuite 8km de d\u00e9partementale \u00e0 parcourir. Arriv\u00e9s \u00e0 Orelle, passez devant l&rsquo;office du tourisme, l&rsquo;immeuble se situe \u00e0 350m sur [&hellip;]","og_url":"https:\/\/fleursdorelle.fr\/index.php\/acces\/","og_site_name":"Les fleurs d&#039;Orelle","article_modified_time":"2024-10-27T14:49:20+00:00","og_image":[{"url":"http:\/\/fleursdorelle.fr\/wp-content\/uploads\/2024\/01\/carte-parking.webp","type":"","width":"","height":""}],"twitter_card":"summary_large_image","twitter_misc":{"Dur\u00e9e de lecture estim\u00e9e":"1 minute"},"schema":{"@context":"https:\/\/schema.org","@graph":[{"@type":"WebPage","@id":"https:\/\/fleursdorelle.fr\/index.php\/acces\/","url":"https:\/\/fleursdorelle.fr\/index.php\/acces\/","name":"Acc\u00e8s - Les fleurs d&#039;Orelle","isPartOf":{"@id":"https:\/\/fleursdorelle.fr\/#website"},"primaryImageOfPage":{"@id":"https:\/\/fleursdorelle.fr\/index.php\/acces\/#primaryimage"},"image":{"@id":"https:\/\/fleursdorelle.fr\/index.php\/acces\/#primaryimage"},"thumbnailUrl":"http:\/\/fleursdorelle.fr\/wp-content\/uploads\/2024\/01\/carte-parking.webp","datePublished":"2023-08-05T15:47:54+00:00","dateModified":"2024-10-27T14:49:20+00:00","breadcrumb":{"@id":"https:\/\/fleursdorelle.fr\/index.php\/acces\/#breadcrumb"},"inLanguage":"fr-FR","potentialAction":[{"@type":"ReadAction","target":["https:\/\/fleursdorelle.fr\/index.php\/acces\/"]}]},{"@type":"ImageObject","inLanguage":"fr-FR","@id":"https:\/\/fleursdorelle.fr\/index.php\/acces\/#primaryimage","url":"https:\/\/fleursdorelle.fr\/wp-content\/uploads\/2024\/01\/carte-parking.webp","contentUrl":"https:\/\/fleursdorelle.fr\/wp-content\/uploads\/2024\/01\/carte-parking.webp","width":1920,"height":743},{"@type":"BreadcrumbList","@id":"https:\/\/fleursdorelle.fr\/index.php\/acces\/#breadcrumb","itemListElement":[{"@type":"ListItem","position":1,"name":"Accueil","item":"https:\/\/fleursdorelle.fr\/"},{"@type":"ListItem","position":2,"name":"Acc\u00e8s"}]},{"@type":"WebSite","@id":"https:\/\/fleursdorelle.fr\/#website","url":"https:\/\/fleursdorelle.fr\/","name":"Les fleurs d'Orelle","description":"","publisher":{"@id":"https:\/\/fleursdorelle.fr\/#organization"},"potentialAction":[{"@type":"SearchAction","target":{"@type":"EntryPoint","urlTemplate":"https:\/\/fleursdorelle.fr\/?s={search_term_string}"},"query-input":{"@type":"PropertyValueSpecification","valueRequired":true,"valueName":"search_term_string"}}],"inLanguage":"fr-FR"},{"@type":"Organization","@id":"https:\/\/fleursdorelle.fr\/#organization","name":"Les fleurs d'Orelle","url":"https:\/\/fleursdorelle.fr\/","logo":{"@type":"ImageObject","inLanguage":"fr-FR","@id":"https:\/\/fleursdorelle.fr\/#\/schema\/logo\/image\/","url":"https:\/\/fleursdorelle.fr\/wp-content\/uploads\/2023\/08\/fleursdorelle-logo.webp","contentUrl":"https:\/\/fleursdorelle.fr\/wp-content\/uploads\/2023\/08\/fleursdorelle-logo.webp","width":300,"height":300,"caption":"Les fleurs d'Orelle"},"image":{"@id":"https:\/\/fleursdorelle.fr\/#\/schema\/logo\/image\/"}}]}},"_links":{"self":[{"href":"https:\/\/fleursdorelle.fr\/index.php\/wp-json\/wp\/v2\/pages\/204","targetHints":{"allow":["GET"]}}],"collection":[{"href":"https:\/\/fleursdorelle.fr\/index.php\/wp-json\/wp\/v2\/pages"}],"about":[{"href":"https:\/\/fleursdorelle.fr\/index.php\/wp-json\/wp\/v2\/types\/page"}],"author":[{"embeddable":true,"href":"https:\/\/fleursdorelle.fr\/index.php\/wp-json\/wp\/v2\/users\/1"}],"replies":[{"embeddable":true,"href":"https:\/\/fleursdorelle.fr\/index.php\/wp-json\/wp\/v2\/comments?post=204"}],"version-history":[{"count":18,"href":"https:\/\/fleursdorelle.fr\/index.php\/wp-json\/wp\/v2\/pages\/204\/revisions"}],"predecessor-version":[{"id":353,"href":"https:\/\/fleursdorelle.fr\/index.php\/wp-json\/wp\/v2\/pages\/204\/revisions\/353"}],"wp:attachment":[{"href":"https:\/\/fleursdorelle.fr\/index.php\/wp-json\/wp\/v2\/media?parent=204"}],"curies":[{"name":"wp","href":"https:\/\/api.w.org\/{rel}","templated":true}]}}