{"id":14,"date":"2023-06-23T13:32:45","date_gmt":"2023-06-23T11:32:45","guid":{"rendered":"http:\/\/fleursdorelle.fr\/?page_id=14"},"modified":"2026-01-16T19:46:48","modified_gmt":"2026-01-16T18:46:48","slug":"appartements-en-savoie","status":"publish","type":"page","link":"https:\/\/fleursdorelle.fr\/","title":{"rendered":""},"content":{"rendered":"\t\t<div data-elementor-type=\"wp-post\" data-elementor-id=\"14\" class=\"elementor elementor-14\">\n\t\t\t\t\t\t<section class=\"elementor-section elementor-top-section elementor-element elementor-element-edfd609 elementor-section-height-min-height elementor-section-boxed elementor-section-height-default elementor-section-items-middle\" data-id=\"edfd609\" data-element_type=\"section\" data-e-type=\"section\" data-settings=\"{&quot;background_background&quot;:&quot;classic&quot;}\">\n\t\t\t\t\t\t<div class=\"elementor-container elementor-column-gap-default\">\n\t\t\t\t\t<div class=\"elementor-column elementor-col-100 elementor-top-column elementor-element elementor-element-3699eb9\" data-id=\"3699eb9\" data-element_type=\"column\" data-e-type=\"column\">\n\t\t\t<div class=\"elementor-widget-wrap elementor-element-populated\">\n\t\t\t\t\t\t<div class=\"elementor-element elementor-element-8c5725e elementor-widget elementor-widget-heading\" data-id=\"8c5725e\" data-element_type=\"widget\" data-e-type=\"widget\" data-widget_type=\"heading.default\">\n\t\t\t\t<div class=\"elementor-widget-container\">\n\t\t\t\t\t<h1 class=\"elementor-heading-title elementor-size-default\">4 appartements \u00e0 louer \u00e0 5 min \u00e0 pied de la t\u00e9l\u00e9cabine d'Orelle<\/h1>\t\t\t\t<\/div>\n\t\t\t\t<\/div>\n\t\t\t\t<div class=\"elementor-element elementor-element-5cd2048 elementor-hidden-desktop elementor-hidden-tablet elementor-hidden-mobile elementor-widget elementor-widget-html\" data-id=\"5cd2048\" data-element_type=\"widget\" data-e-type=\"widget\" data-widget_type=\"html.default\">\n\t\t\t\t<div class=\"elementor-widget-container\">\n\t\t\t\t\t<img fetchpriority=\"high\" decoding=\"async\" src=\"http:\/\/fleursdorelle.fr\/wp-content\/uploads\/2025\/01\/Map-orelle2.png\" class=\"attachment-large size-large wp-image-72\" alt=\"\" loading=\"eager\" usemap=\"#image-map\" srcset=\"http:\/\/fleursdorelle.fr\/wp-content\/uploads\/2025\/01\/Map-orelle2.png 1024w, http:\/\/fleursdorelle.fr\/wp-content\/uploads\/2025\/01\/Map-orelle2.png 300w, http:\/\/fleursdorelle.fr\/wp-content\/uploads\/2025\/01\/Map-orelle2.png 768w, http:\/\/fleursdorelle.fr\/wp-content\/uploads\/2025\/01\/Map-orelle2.png 1391w\" sizes=\"(max-width: 1500px) 100vw, 1500px\" width=\"1500\" height=\"500\"> \n<map name=\"image-map\">\n    <area target=\"\" alt=\"L'Orchis Blanc\" title=\"L'Orchis Blanc\" href=\"\/index.php\/lorchis-blanc\/\" coords=\"4,168,4,2,655,6,676,186,646,254,634,264,609,262,560,324,555,269,537,272,0,262\" shape=\"poly\">\n    <area target=\"\" alt=\"Le Trolle des Montagnes\" title=\"Le Trolle des Montagnes\" href=\"\/index.php\/le-trolle-des-montagnes\/\" coords=\"659,5,1387,1,1390,300,698,332,688,274,666,267,668,242,678,191\" shape=\"poly\">\n    <area target=\"\" alt=\"La Petite Centaur\u00e9e\" title=\"La Petite Centaur\u00e9e\" href=\"\/index.php\/la-petite-centauree\/\" coords=\"0,263,0,513,651,510,646,412,628,381,614,383,616,374,576,368,603,337,595,328,609,322,639,310,654,329,660,306,688,295,665,281,660,253,646,273,614,265,608,280,592,306,565,322,549,274\" shape=\"poly\">\n    <area target=\"\" alt=\"L'Ancolie des Alpes\" title=\"L'Ancolie des Alpes\" href=\"\/index.php\/lancolie-des-alpes\/\" coords=\"656,508,649,409,633,375,619,380,619,371,585,366,606,340,600,328,612,324,639,316,656,331,680,305,696,336,1390,302,1390,511\" shape=\"poly\">\n<\/map>\t\t\t\t<\/div>\n\t\t\t\t<\/div>\n\t\t\t\t<div class=\"elementor-element elementor-element-abb5e55 elementor-widget elementor-widget-image\" data-id=\"abb5e55\" data-element_type=\"widget\" data-e-type=\"widget\" data-widget_type=\"image.default\">\n\t\t\t\t<div class=\"elementor-widget-container\">\n\t\t\t\t\t\t\t\t\t\t\t\t\t\t\t\t<a href=\"https:\/\/fleursdorelle.fr\/index.php\/lorchis-blanc\/\">\n\t\t\t\t\t\t\t<img decoding=\"async\" width=\"800\" height=\"296\" src=\"https:\/\/fleursdorelle.fr\/wp-content\/uploads\/2025\/01\/Map-orelle2-1024x379.webp\" class=\"attachment-large size-large wp-image-397\" alt=\"\" srcset=\"https:\/\/fleursdorelle.fr\/wp-content\/uploads\/2025\/01\/Map-orelle2-1024x379.webp 1024w, https:\/\/fleursdorelle.fr\/wp-content\/uploads\/2025\/01\/Map-orelle2-300x111.webp 300w, https:\/\/fleursdorelle.fr\/wp-content\/uploads\/2025\/01\/Map-orelle2-768x284.png 768w, https:\/\/fleursdorelle.fr\/wp-content\/uploads\/2025\/01\/Map-orelle2.webp 1391w\" sizes=\"(max-width: 800px) 100vw, 800px\" \/>\t\t\t\t\t\t\t\t<\/a>\n\t\t\t\t\t\t\t\t\t\t\t\t\t\t\t<\/div>\n\t\t\t\t<\/div>\n\t\t\t\t<div class=\"elementor-element elementor-element-b9bfe2b elementor-align-center elementor-widget elementor-widget-button\" data-id=\"b9bfe2b\" data-element_type=\"widget\" data-e-type=\"widget\" data-widget_type=\"button.default\">\n\t\t\t\t<div class=\"elementor-widget-container\">\n\t\t\t\t\t\t\t\t\t<div class=\"elementor-button-wrapper\">\n\t\t\t\t\t<a class=\"elementor-button elementor-button-link elementor-size-xl\" href=\"mailto:info@fleursdorelle.fr\">\n\t\t\t\t\t\t<span class=\"elementor-button-content-wrapper\">\n\t\t\t\t\t\t\t\t\t<span class=\"elementor-button-text\">Contactez-nous pour plus d'information<\/span>\n\t\t\t\t\t<\/span>\n\t\t\t\t\t<\/a>\n\t\t\t\t<\/div>\n\t\t\t\t\t\t\t\t<\/div>\n\t\t\t\t<\/div>\n\t\t\t\t\t<\/div>\n\t\t<\/div>\n\t\t\t\t\t<\/div>\n\t\t<\/section>\n\t\t\t\t<\/div>\n\t\t","protected":false},"excerpt":{"rendered":"<p>4 appartements \u00e0 louer \u00e0 5 min \u00e0 pied de la t\u00e9l\u00e9cabine d&rsquo;Orelle Contactez-nous pour plus d&rsquo;information<\/p>\n","protected":false},"author":1,"featured_media":0,"parent":0,"menu_order":0,"comment_status":"closed","ping_status":"closed","template":"","meta":{"footnotes":""},"class_list":["post-14","page","type-page","status-publish","hentry"],"yoast_head":"<!-- This site is optimized with the Yoast SEO plugin v26.7 - https:\/\/yoast.com\/wordpress\/plugins\/seo\/ -->\n<title>- Les fleurs d&#039;Orelle<\/title>\n<meta name=\"description\" content=\"Location d&#039;appartements \u00e0 Francoz Orelle avec un acc\u00e8s au domaine des 3 vall\u00e9es. Le b\u00e2timent est situ\u00e9 \u00e0 5 minutes \u00e0 pied de la t\u00e9l\u00e9cabine\" \/>\n<meta name=\"robots\" content=\"index, follow, max-snippet:-1, max-image-preview:large, max-video-preview:-1\" \/>\n<link rel=\"canonical\" href=\"https:\/\/fleursdorelle.fr\/\" \/>\n<meta property=\"og:locale\" content=\"fr_FR\" \/>\n<meta property=\"og:type\" content=\"article\" \/>\n<meta property=\"og:title\" content=\"- Les fleurs d&#039;Orelle\" \/>\n<meta property=\"og:description\" content=\"Location d&#039;appartements \u00e0 Francoz Orelle avec un acc\u00e8s au domaine des 3 vall\u00e9es. Le b\u00e2timent est situ\u00e9 \u00e0 5 minutes \u00e0 pied de la t\u00e9l\u00e9cabine\" \/>\n<meta property=\"og:url\" content=\"https:\/\/fleursdorelle.fr\/\" \/>\n<meta property=\"og:site_name\" content=\"Les fleurs d&#039;Orelle\" \/>\n<meta property=\"article:modified_time\" content=\"2026-01-16T18:46:48+00:00\" \/>\n<meta name=\"twitter:card\" content=\"summary_large_image\" \/>\n<meta name=\"twitter:label1\" content=\"Dur\u00e9e de lecture estim\u00e9e\" \/>\n\t<meta name=\"twitter:data1\" content=\"1 minute\" \/>\n<script type=\"application\/ld+json\" class=\"yoast-schema-graph\">{\"@context\":\"https:\/\/schema.org\",\"@graph\":[{\"@type\":\"WebPage\",\"@id\":\"https:\/\/fleursdorelle.fr\/\",\"url\":\"https:\/\/fleursdorelle.fr\/\",\"name\":\"- Les fleurs d&#039;Orelle\",\"isPartOf\":{\"@id\":\"https:\/\/fleursdorelle.fr\/#website\"},\"primaryImageOfPage\":{\"@id\":\"https:\/\/fleursdorelle.fr\/#primaryimage\"},\"image\":{\"@id\":\"https:\/\/fleursdorelle.fr\/#primaryimage\"},\"thumbnailUrl\":\"http:\/\/fleursdorelle.fr\/wp-content\/uploads\/2025\/01\/Map-orelle2.png\",\"datePublished\":\"2023-06-23T11:32:45+00:00\",\"dateModified\":\"2026-01-16T18:46:48+00:00\",\"description\":\"Location d'appartements \u00e0 Francoz Orelle avec un acc\u00e8s au domaine des 3 vall\u00e9es. Le b\u00e2timent est situ\u00e9 \u00e0 5 minutes \u00e0 pied de la t\u00e9l\u00e9cabine\",\"inLanguage\":\"fr-FR\",\"potentialAction\":[{\"@type\":\"ReadAction\",\"target\":[\"https:\/\/fleursdorelle.fr\/\"]}]},{\"@type\":\"ImageObject\",\"inLanguage\":\"fr-FR\",\"@id\":\"https:\/\/fleursdorelle.fr\/#primaryimage\",\"url\":\"\",\"contentUrl\":\"\"},{\"@type\":\"WebSite\",\"@id\":\"https:\/\/fleursdorelle.fr\/#website\",\"url\":\"https:\/\/fleursdorelle.fr\/\",\"name\":\"Les fleurs d'Orelle\",\"description\":\"\",\"publisher\":{\"@id\":\"https:\/\/fleursdorelle.fr\/#organization\"},\"potentialAction\":[{\"@type\":\"SearchAction\",\"target\":{\"@type\":\"EntryPoint\",\"urlTemplate\":\"https:\/\/fleursdorelle.fr\/?s={search_term_string}\"},\"query-input\":{\"@type\":\"PropertyValueSpecification\",\"valueRequired\":true,\"valueName\":\"search_term_string\"}}],\"inLanguage\":\"fr-FR\"},{\"@type\":\"Organization\",\"@id\":\"https:\/\/fleursdorelle.fr\/#organization\",\"name\":\"Les fleurs d'Orelle\",\"url\":\"https:\/\/fleursdorelle.fr\/\",\"logo\":{\"@type\":\"ImageObject\",\"inLanguage\":\"fr-FR\",\"@id\":\"https:\/\/fleursdorelle.fr\/#\/schema\/logo\/image\/\",\"url\":\"https:\/\/fleursdorelle.fr\/wp-content\/uploads\/2023\/08\/fleursdorelle-logo.webp\",\"contentUrl\":\"https:\/\/fleursdorelle.fr\/wp-content\/uploads\/2023\/08\/fleursdorelle-logo.webp\",\"width\":300,\"height\":300,\"caption\":\"Les fleurs d'Orelle\"},\"image\":{\"@id\":\"https:\/\/fleursdorelle.fr\/#\/schema\/logo\/image\/\"}}]}<\/script>\n<!-- \/ Yoast SEO plugin. -->","yoast_head_json":{"title":"- Les fleurs d&#039;Orelle","description":"Location d'appartements \u00e0 Francoz Orelle avec un acc\u00e8s au domaine des 3 vall\u00e9es. Le b\u00e2timent est situ\u00e9 \u00e0 5 minutes \u00e0 pied de la t\u00e9l\u00e9cabine","robots":{"index":"index","follow":"follow","max-snippet":"max-snippet:-1","max-image-preview":"max-image-preview:large","max-video-preview":"max-video-preview:-1"},"canonical":"https:\/\/fleursdorelle.fr\/","og_locale":"fr_FR","og_type":"article","og_title":"- Les fleurs d&#039;Orelle","og_description":"Location d'appartements \u00e0 Francoz Orelle avec un acc\u00e8s au domaine des 3 vall\u00e9es. Le b\u00e2timent est situ\u00e9 \u00e0 5 minutes \u00e0 pied de la t\u00e9l\u00e9cabine","og_url":"https:\/\/fleursdorelle.fr\/","og_site_name":"Les fleurs d&#039;Orelle","article_modified_time":"2026-01-16T18:46:48+00:00","twitter_card":"summary_large_image","twitter_misc":{"Dur\u00e9e de lecture estim\u00e9e":"1 minute"},"schema":{"@context":"https:\/\/schema.org","@graph":[{"@type":"WebPage","@id":"https:\/\/fleursdorelle.fr\/","url":"https:\/\/fleursdorelle.fr\/","name":"- Les fleurs d&#039;Orelle","isPartOf":{"@id":"https:\/\/fleursdorelle.fr\/#website"},"primaryImageOfPage":{"@id":"https:\/\/fleursdorelle.fr\/#primaryimage"},"image":{"@id":"https:\/\/fleursdorelle.fr\/#primaryimage"},"thumbnailUrl":"http:\/\/fleursdorelle.fr\/wp-content\/uploads\/2025\/01\/Map-orelle2.png","datePublished":"2023-06-23T11:32:45+00:00","dateModified":"2026-01-16T18:46:48+00:00","description":"Location d'appartements \u00e0 Francoz Orelle avec un acc\u00e8s au domaine des 3 vall\u00e9es. Le b\u00e2timent est situ\u00e9 \u00e0 5 minutes \u00e0 pied de la t\u00e9l\u00e9cabine","inLanguage":"fr-FR","potentialAction":[{"@type":"ReadAction","target":["https:\/\/fleursdorelle.fr\/"]}]},{"@type":"ImageObject","inLanguage":"fr-FR","@id":"https:\/\/fleursdorelle.fr\/#primaryimage","url":"","contentUrl":""},{"@type":"WebSite","@id":"https:\/\/fleursdorelle.fr\/#website","url":"https:\/\/fleursdorelle.fr\/","name":"Les fleurs d'Orelle","description":"","publisher":{"@id":"https:\/\/fleursdorelle.fr\/#organization"},"potentialAction":[{"@type":"SearchAction","target":{"@type":"EntryPoint","urlTemplate":"https:\/\/fleursdorelle.fr\/?s={search_term_string}"},"query-input":{"@type":"PropertyValueSpecification","valueRequired":true,"valueName":"search_term_string"}}],"inLanguage":"fr-FR"},{"@type":"Organization","@id":"https:\/\/fleursdorelle.fr\/#organization","name":"Les fleurs d'Orelle","url":"https:\/\/fleursdorelle.fr\/","logo":{"@type":"ImageObject","inLanguage":"fr-FR","@id":"https:\/\/fleursdorelle.fr\/#\/schema\/logo\/image\/","url":"https:\/\/fleursdorelle.fr\/wp-content\/uploads\/2023\/08\/fleursdorelle-logo.webp","contentUrl":"https:\/\/fleursdorelle.fr\/wp-content\/uploads\/2023\/08\/fleursdorelle-logo.webp","width":300,"height":300,"caption":"Les fleurs d'Orelle"},"image":{"@id":"https:\/\/fleursdorelle.fr\/#\/schema\/logo\/image\/"}}]}},"_links":{"self":[{"href":"https:\/\/fleursdorelle.fr\/index.php\/wp-json\/wp\/v2\/pages\/14","targetHints":{"allow":["GET"]}}],"collection":[{"href":"https:\/\/fleursdorelle.fr\/index.php\/wp-json\/wp\/v2\/pages"}],"about":[{"href":"https:\/\/fleursdorelle.fr\/index.php\/wp-json\/wp\/v2\/types\/page"}],"author":[{"embeddable":true,"href":"https:\/\/fleursdorelle.fr\/index.php\/wp-json\/wp\/v2\/users\/1"}],"replies":[{"embeddable":true,"href":"https:\/\/fleursdorelle.fr\/index.php\/wp-json\/wp\/v2\/comments?post=14"}],"version-history":[{"count":71,"href":"https:\/\/fleursdorelle.fr\/index.php\/wp-json\/wp\/v2\/pages\/14\/revisions"}],"predecessor-version":[{"id":418,"href":"https:\/\/fleursdorelle.fr\/index.php\/wp-json\/wp\/v2\/pages\/14\/revisions\/418"}],"wp:attachment":[{"href":"https:\/\/fleursdorelle.fr\/index.php\/wp-json\/wp\/v2\/media?parent=14"}],"curies":[{"name":"wp","href":"https:\/\/api.w.org\/{rel}","templated":true}]}}